{"id":115,"date":"2021-10-06T11:04:19","date_gmt":"2021-10-06T09:04:19","guid":{"rendered":"https:\/\/loewdelights.com\/?post_type=product&#038;p=115"},"modified":"2026-04-07T14:36:19","modified_gmt":"2026-04-07T12:36:19","slug":"dark-hazelnut","status":"publish","type":"product","link":"https:\/\/loewdelights.com\/en\/produkt\/dark-hazelnut\/","title":{"rendered":"Dark Hazelnut"},"content":{"rendered":"<h2>Zutaten<\/h2>\n<p class=\"p1\"><strong><em>Haselnu\u0308sse<\/em><\/strong> 38%, Zucker, Kakaokerne, Kakaobutter, <strong><em>Haselnuss\u00f6l<\/em><\/strong> 4%, Glucose, Emulgator (E322), Konditoreimasse (Kakaobutter, Farbstoff E170, Pflanzenfett, Trehalose, Gemu\u0308sesaft, Spirulina, Citronens\u00e4ure).<\/p>\n<p><em>Kann Spuren von Milch, Gluten, anderen Schalenfr\u00fcchten und Soja enthalten.\u00a0<\/em><\/p>\n<p><span class=\"bold_italic\">Mindesthaltbarkeit 20 Tage <\/span><\/p>\n<p><span class=\"bold_italic\">K\u00fchl und trocken bei 12-18\u00b0C lagern<\/span><\/p>\n","protected":false},"excerpt":{"rendered":"<p>Zartbitterschokolade, cremige F\u00fcllung, eine ganze ger\u00f6stete Haselnuss im Innern. Der Klassiker unter den L\u00f6wenk\u00fcssen \u2014 und das aus gutem Grund.<\/p>\n","protected":false},"featured_media":842,"template":"","meta":{"_acf_changed":false},"product_brand":[],"product_cat":[32],"product_tag":[],"class_list":{"0":"post-115","1":"product","2":"type-product","3":"status-publish","4":"has-post-thumbnail","6":"product_cat-loewenkuesse","8":"first","9":"instock","10":"taxable","11":"shipping-taxable","12":"purchasable","13":"product-type-variable"},"acf":[],"_links":{"self":[{"href":"https:\/\/loewdelights.com\/en\/wp-json\/wp\/v2\/product\/115","targetHints":{"allow":["GET"]}}],"collection":[{"href":"https:\/\/loewdelights.com\/en\/wp-json\/wp\/v2\/product"}],"about":[{"href":"https:\/\/loewdelights.com\/en\/wp-json\/wp\/v2\/types\/product"}],"wp:featuredmedia":[{"embeddable":true,"href":"https:\/\/loewdelights.com\/en\/wp-json\/wp\/v2\/media\/842"}],"wp:attachment":[{"href":"https:\/\/loewdelights.com\/en\/wp-json\/wp\/v2\/media?parent=115"}],"wp:term":[{"taxonomy":"product_brand","embeddable":true,"href":"https:\/\/loewdelights.com\/en\/wp-json\/wp\/v2\/product_brand?post=115"},{"taxonomy":"product_cat","embeddable":true,"href":"https:\/\/loewdelights.com\/en\/wp-json\/wp\/v2\/product_cat?post=115"},{"taxonomy":"product_tag","embeddable":true,"href":"https:\/\/loewdelights.com\/en\/wp-json\/wp\/v2\/product_tag?post=115"}],"curies":[{"name":"wp","href":"https:\/\/api.w.org\/{rel}","templated":true}]}}