{"id":125,"date":"2021-10-06T11:14:22","date_gmt":"2021-10-06T09:14:22","guid":{"rendered":"https:\/\/loewdelights.com\/?post_type=product&#038;p=125"},"modified":"2026-03-11T15:46:42","modified_gmt":"2026-03-11T14:46:42","slug":"glory4","status":"publish","type":"product","link":"https:\/\/loewdelights.com\/en\/produkt\/glory4\/","title":{"rendered":"Die Glorreichen 4"},"content":{"rendered":"<h2>Zutaten<\/h2>\n<p>Zucker, Kakaokerne, Kakaobutter, <span class=\"bold_italic_regular\">Haseln\u00fcsse, Mandeln, Erdn\u00fcsse,<\/span> Sonnenblumen\u00f6l, <span class=\"bold_italic_regular\">Pekann\u00fcsse,<\/span> Kokosnussmus, Glucose, <span class=\"bold_italic_regular\">Haselnuss\u00f6l<\/span>, Kaffeebohnen, Kokoschips, Passionsfruchtpulver, Glucosesirup, Passionsfruchtsaft, Reissiruppulver, Zitronengrasst\u00e4ngel, Rum, Kokosbl\u00fctenzucker, Emulgator (E322 mit <span class=\"bold_italic_regular\">Soja<\/span>), Aprikosenpulpe, Kokosraspel, Maltodextrin, Speisesalz, Tonkabohnen, Vanillepulver, Vanilleextrakt, Kaffirlimettenblatt, Meersalz, jodiertes Speisesalz, eingef\u00e4rbte Kakaobutter (Farbstoffe: E102, E104, E122, E330, E170, E172, F\u00e4rberdistelkonzentrat, Zitronenkonzentrat, modifizierte St\u00e4rke, Pflanzenfett, Trehalose, Gem\u00fcsesaft, Spirulina).<\/p>\n<p><em>Kann Spuren von Milch, Gluten und anderen Schalenfr\u00fcchten enthalten.\u00a0<\/em><\/p>\n<p><span class=\"bold_italic\">Mindesthaltbarkeit 20 Tage <\/span><\/p>\n<p><span class=\"bold_italic\">K\u00fchl und trocken bei 12-18\u00b0C lagern<\/span><\/p>\n","protected":false},"excerpt":{"rendered":"<p>Die Vier, die niemanden kalt lassen \u2014 Unsere Dauerrenner Salty Peanut, Dark Hazelnut, Tonka-Vanille und Coco-Maracuja.<\/p>\n","protected":false},"featured_media":4611,"template":"","meta":{"_acf_changed":false},"product_brand":[],"product_cat":[32],"product_tag":[],"class_list":{"0":"post-125","1":"product","2":"type-product","3":"status-publish","4":"has-post-thumbnail","6":"product_cat-loewenkuesse","8":"first","9":"instock","10":"taxable","11":"shipping-taxable","12":"purchasable","13":"product-type-variable"},"acf":[],"_links":{"self":[{"href":"https:\/\/loewdelights.com\/en\/wp-json\/wp\/v2\/product\/125","targetHints":{"allow":["GET"]}}],"collection":[{"href":"https:\/\/loewdelights.com\/en\/wp-json\/wp\/v2\/product"}],"about":[{"href":"https:\/\/loewdelights.com\/en\/wp-json\/wp\/v2\/types\/product"}],"wp:featuredmedia":[{"embeddable":true,"href":"https:\/\/loewdelights.com\/en\/wp-json\/wp\/v2\/media\/4611"}],"wp:attachment":[{"href":"https:\/\/loewdelights.com\/en\/wp-json\/wp\/v2\/media?parent=125"}],"wp:term":[{"taxonomy":"product_brand","embeddable":true,"href":"https:\/\/loewdelights.com\/en\/wp-json\/wp\/v2\/product_brand?post=125"},{"taxonomy":"product_cat","embeddable":true,"href":"https:\/\/loewdelights.com\/en\/wp-json\/wp\/v2\/product_cat?post=125"},{"taxonomy":"product_tag","embeddable":true,"href":"https:\/\/loewdelights.com\/en\/wp-json\/wp\/v2\/product_tag?post=125"}],"curies":[{"name":"wp","href":"https:\/\/api.w.org\/{rel}","templated":true}]}}