{"id":2835,"date":"2024-11-01T09:00:03","date_gmt":"2024-11-01T08:00:03","guid":{"rendered":"https:\/\/loewdelights.com\/?post_type=product&#038;p=2835"},"modified":"2025-12-23T09:20:56","modified_gmt":"2025-12-23T08:20:56","slug":"bigbox","status":"publish","type":"product","link":"https:\/\/loewdelights.com\/en\/produkt\/bigbox\/","title":{"rendered":"The Big Box"},"content":{"rendered":"<h2>Sorten<\/h2>\n<ul>\n<li>\n<h5>Dark Hazelnut<\/h5>\n<\/li>\n<li>\n<h5>Tonka-Vanille<\/h5>\n<\/li>\n<li>\n<h5>Coco-Maracuja<\/h5>\n<\/li>\n<li>\n<h5>Salty Peanut<\/h5>\n<\/li>\n<li>\n<h5>Season Edition<\/h5>\n<\/li>\n<\/ul>\n<p>&nbsp;<\/p>\n<h2>Zutaten<\/h2>\n<h5>Dark Hazelnut<\/h5>\n<p><strong><em>Haselnu\u0308sse<\/em><\/strong> 38%, Zucker, Kakaokerne, Kakaobutter, <strong><em>Haselnuss\u00f6l<\/em><\/strong> 4%, Glucose, Emulgator (E322), Konditoreimasse (Kakaobutter, Farbstoff E170, Pflanzenfett, Trehalose, Gemu\u0308sesaft, Spirulina, Citronens\u00e4ure).<\/p>\n<h5><\/h5>\n<h5>Coco-Maracuja<\/h5>\n<p>Zucker, <em><b>Mandeln<\/b><\/em>, Kakaokerne, Kakaobutter, Kokosnussmus 6,4% Kokoschips 2,3%, Reissiruppulver, Passionsfruchtpulver 2,3%, Zitronengrasst\u00e4ngel, Kokosbl\u00fctenzucker, Verdickungsmittel (E1414, E401), Passionsfruchtkonzentrat 0,6%, Glucosesirup, Kokosraspel 0,5%, Maltodextrin, Aprikosenpulpe, Kaffirlimettenbl\u00e4tter, Meersalz, Vanille-Extrakt, jodiertes Speisesalz, Emulgator (E322 mit <em><b>Soja<\/b><\/em>).<\/p>\n<h5><\/h5>\n<h5>Salty Peanut<\/h5>\n<p><strong><em>Erdnu\u0308sse<\/em><\/strong> 48%, Zucker, Kakaokerne, Kakaobutter, Glucosesirup, Sonnenblumen\u00f6l, Speisesalz 0,2%, Vanillepulver, Meersalz, Farbstoffe (E133, E132, E129, E102, E110).<\/p>\n<h5><\/h5>\n<h5>Tonka-Vanille<\/h5>\n<p>Zucker, <em><b>Mandeln<\/b><\/em>, Kakaobutter, Kakaokerne, Sonnenblumen\u00f6l, Passionsfruchtsaft, Glucose, Rum, Emulgator (E 322 mit <em><b>Soja<\/b><\/em>), Tonkabohnen 0,3%, Vanilleextrakt 0,2%, Vanillepulver 0,2%, Farbstoffe (E133, E132, E129, E102, E110), Speisesalz.<\/p>\n<p>&nbsp;<\/p>\n<p>&nbsp;<\/p>\n<p><em>Kann Spuren von Milch, Gluten und anderen Schalenfr\u00fcchten enthalten.\u00a0<\/em><\/p>\n<p><span class=\"bold_italic\">Mindesthaltbarkeit 20 Tage <\/span><\/p>\n<p><span class=\"bold_italic\">K\u00fchl und trocken bei 12-18\u00b0C lagern<\/span><\/p>\n","protected":false},"excerpt":{"rendered":"<p>The Big Box enth\u00e4lt unser aktuelles L\u00f6wenk\u00fcsse Sortiment des Moments: 104 handgemachte Pralin\u00e9s in einer grossz\u00fcgigen Geschenkbox. Perfekt zum Teilen, Staunen und Geniessen. Wer wagt, gewinnt!<\/p>\n","protected":false},"featured_media":3796,"template":"","meta":{"_acf_changed":false},"product_brand":[],"product_cat":[32,43],"product_tag":[],"class_list":{"0":"post-2835","1":"product","2":"type-product","3":"status-publish","4":"has-post-thumbnail","6":"product_cat-loewenkuesse","7":"product_cat-specials","9":"first","10":"instock","11":"taxable","12":"shipping-taxable","13":"purchasable","14":"product-type-simple"},"acf":[],"_links":{"self":[{"href":"https:\/\/loewdelights.com\/en\/wp-json\/wp\/v2\/product\/2835","targetHints":{"allow":["GET"]}}],"collection":[{"href":"https:\/\/loewdelights.com\/en\/wp-json\/wp\/v2\/product"}],"about":[{"href":"https:\/\/loewdelights.com\/en\/wp-json\/wp\/v2\/types\/product"}],"wp:featuredmedia":[{"embeddable":true,"href":"https:\/\/loewdelights.com\/en\/wp-json\/wp\/v2\/media\/3796"}],"wp:attachment":[{"href":"https:\/\/loewdelights.com\/en\/wp-json\/wp\/v2\/media?parent=2835"}],"wp:term":[{"taxonomy":"product_brand","embeddable":true,"href":"https:\/\/loewdelights.com\/en\/wp-json\/wp\/v2\/product_brand?post=2835"},{"taxonomy":"product_cat","embeddable":true,"href":"https:\/\/loewdelights.com\/en\/wp-json\/wp\/v2\/product_cat?post=2835"},{"taxonomy":"product_tag","embeddable":true,"href":"https:\/\/loewdelights.com\/en\/wp-json\/wp\/v2\/product_tag?post=2835"}],"curies":[{"name":"wp","href":"https:\/\/api.w.org\/{rel}","templated":true}]}}