{"id":1051,"date":"2022-06-01T10:46:43","date_gmt":"2022-06-01T08:46:43","guid":{"rendered":"https:\/\/loewdelights.com\/?post_type=product&#038;p=1051"},"modified":"2025-08-21T14:01:15","modified_gmt":"2025-08-21T12:01:15","slug":"how-to-handle-chocolate","status":"publish","type":"product","link":"https:\/\/loewdelights.com\/fr\/produkt\/how-to-handle-chocolate\/","title":{"rendered":"Gruppen Events"},"content":{"rendered":"<h2>How To Handle Chocolate<\/h2>\n<p>Schokolade soweit das Auge reicht. Sie lernen in diesem Kurs, wie Sie am besten mit Schokolade umgehen: Nach einer Einf\u00fchrung in die magische Welt der Schokolade und des Kakaos beginnen wir mit einem Tasting. Frisch inspiriert giessen Sie dann je drei Tafeln und best\u00fccken sie mit passenden Zutaten. Sch\u00f6n verpackt k\u00f6nnen am Schluss alle Eigenkreationen mit nach Hause genommen werden.<\/p>\n<p>&nbsp;<\/p>\n<h2>Wann<\/h2>\n<p style=\"text-align: left;\">Wir bieten auf Anfrage Workshops f\u00fcr Gruppen durch. Kontaktieren Sie uns auf workshops@loewdelights.com<\/p>\n<p>&nbsp;<\/p>\n<h2>Kursort<\/h2>\n<p style=\"text-align: left;\">Schokoladenmanufaktur L\u00f6w Delights<br \/>\nZimmerlistrasse 6<br \/>\n8004 Z\u00fcrich<\/p>\n","protected":false},"excerpt":{"rendered":"<p>How To Handle Chocolate<\/p>\n<p>Schokolade soweit das Auge reicht. Giessen Sie mit Ihrem Team Ihre eigenen Schokoladetafeln.<\/p>\n<p>&nbsp;<\/p>\n","protected":false},"featured_media":3103,"template":"","meta":{"_acf_changed":false},"product_brand":[],"product_cat":[56],"product_tag":[],"class_list":{"0":"post-1051","1":"product","2":"type-product","3":"status-publish","4":"has-post-thumbnail","6":"product_cat-workshops","8":"first","9":"outofstock","10":"virtual","11":"taxable","12":"purchasable","13":"product-type-simple"},"acf":[],"_links":{"self":[{"href":"https:\/\/loewdelights.com\/fr\/wp-json\/wp\/v2\/product\/1051","targetHints":{"allow":["GET"]}}],"collection":[{"href":"https:\/\/loewdelights.com\/fr\/wp-json\/wp\/v2\/product"}],"about":[{"href":"https:\/\/loewdelights.com\/fr\/wp-json\/wp\/v2\/types\/product"}],"wp:featuredmedia":[{"embeddable":true,"href":"https:\/\/loewdelights.com\/fr\/wp-json\/wp\/v2\/media\/3103"}],"wp:attachment":[{"href":"https:\/\/loewdelights.com\/fr\/wp-json\/wp\/v2\/media?parent=1051"}],"wp:term":[{"taxonomy":"product_brand","embeddable":true,"href":"https:\/\/loewdelights.com\/fr\/wp-json\/wp\/v2\/product_brand?post=1051"},{"taxonomy":"product_cat","embeddable":true,"href":"https:\/\/loewdelights.com\/fr\/wp-json\/wp\/v2\/product_cat?post=1051"},{"taxonomy":"product_tag","embeddable":true,"href":"https:\/\/loewdelights.com\/fr\/wp-json\/wp\/v2\/product_tag?post=1051"}],"curies":[{"name":"wp","href":"https:\/\/api.w.org\/{rel}","templated":true}]}}