{"id":5460,"date":"2025-10-28T14:58:17","date_gmt":"2025-10-28T13:58:17","guid":{"rendered":"https:\/\/loewdelights.com\/?post_type=product&#038;p=5460"},"modified":"2025-12-30T08:10:51","modified_gmt":"2025-12-30T07:10:51","slug":"stella","status":"publish","type":"product","link":"https:\/\/loewdelights.com\/fr\/produkt\/stella\/","title":{"rendered":"Stella"},"content":{"rendered":"<p>&nbsp;<\/p>\n<h2>Zutaten<\/h2>\n<p>Kakaokerne (53%), Zucker, Kakaobutter, Kokosbl\u00fctenzucker, Schwarztee-Extrakt, Gew\u00fcrze (Ingwer, Kardamom, Kurkuma, Gew\u00fcrznelke, Zimt, Vanille, S\u00fcssholzwurzel, schwarzer Pfeffer), Mandarinen\u00f6l. Kakao: 65% mindestens.<\/p>\n<p><span class=\"bold_italic\">60 g<br \/>\n<\/span><\/p>\n<p><span class=\"bold_italic\">Mindesthaltbarkeit 12 Monate <\/span><\/p>\n<p>Gr\u00f6sse Verpackung: 10 x 15 cm<\/p>\n<p>&nbsp;<\/p>\n","protected":false},"excerpt":{"rendered":"<p>Ein Hauch Mandarine und feine Gew\u00fcrze verleihen dieser Trinkschokolade ihren erlesenen Charakter. Edelkakao aus Venezuela mit 65% Kakaoanteil sorgt f\u00fcr Tiefe und Eleganz. W\u00e4rmend wie ein Licht im Winter.<\/p>\n","protected":false},"featured_media":5517,"template":"","meta":{"_acf_changed":false},"product_brand":[],"product_cat":[43,44],"product_tag":[],"class_list":{"0":"post-5460","1":"product","2":"type-product","3":"status-publish","4":"has-post-thumbnail","6":"product_cat-specials","7":"product_cat-heissischoggi","9":"first","10":"instock","11":"taxable","12":"shipping-taxable","13":"purchasable","14":"product-type-simple"},"acf":[],"_links":{"self":[{"href":"https:\/\/loewdelights.com\/fr\/wp-json\/wp\/v2\/product\/5460","targetHints":{"allow":["GET"]}}],"collection":[{"href":"https:\/\/loewdelights.com\/fr\/wp-json\/wp\/v2\/product"}],"about":[{"href":"https:\/\/loewdelights.com\/fr\/wp-json\/wp\/v2\/types\/product"}],"wp:featuredmedia":[{"embeddable":true,"href":"https:\/\/loewdelights.com\/fr\/wp-json\/wp\/v2\/media\/5517"}],"wp:attachment":[{"href":"https:\/\/loewdelights.com\/fr\/wp-json\/wp\/v2\/media?parent=5460"}],"wp:term":[{"taxonomy":"product_brand","embeddable":true,"href":"https:\/\/loewdelights.com\/fr\/wp-json\/wp\/v2\/product_brand?post=5460"},{"taxonomy":"product_cat","embeddable":true,"href":"https:\/\/loewdelights.com\/fr\/wp-json\/wp\/v2\/product_cat?post=5460"},{"taxonomy":"product_tag","embeddable":true,"href":"https:\/\/loewdelights.com\/fr\/wp-json\/wp\/v2\/product_tag?post=5460"}],"curies":[{"name":"wp","href":"https:\/\/api.w.org\/{rel}","templated":true}]}}